{"id":147,"date":"2023-05-31T14:43:02","date_gmt":"2023-05-31T12:43:02","guid":{"rendered":"http:\/\/montivilliers-mhad.fr\/?page_id=147"},"modified":"2023-07-31T12:25:13","modified_gmt":"2023-07-31T10:25:13","slug":"a-propos","status":"publish","type":"page","link":"https:\/\/montivilliers-mhad.fr\/?page_id=147","title":{"rendered":"\u00c0 propos"},"content":{"rendered":"<p>[et_pb_section fb_built=\u00a0\u00bb1&Prime; _builder_version=\u00a0\u00bb4.21.0&Prime; _module_preset=\u00a0\u00bbdefault\u00a0\u00bb custom_margin=\u00a0\u00bb-4px|||||\u00a0\u00bb global_colors_info=\u00a0\u00bb{}\u00a0\u00bb][et_pb_row _builder_version=\u00a0\u00bb4.21.0&Prime; _module_preset=\u00a0\u00bbdefault\u00a0\u00bb custom_margin=\u00a0\u00bb-27px|auto||auto||\u00a0\u00bb custom_padding=\u00a0\u00bb2px||2px|53px|true|\u00a0\u00bb global_colors_info=\u00a0\u00bb{}\u00a0\u00bb][et_pb_column type=\u00a0\u00bb4_4&Prime; _builder_version=\u00a0\u00bb4.21.0&Prime; _module_preset=\u00a0\u00bbdefault\u00a0\u00bb global_colors_info=\u00a0\u00bb{}\u00a0\u00bb][et_pb_text _builder_version=\u00a0\u00bb4.21.0&Prime; _module_preset=\u00a0\u00bbdefault\u00a0\u00bb text_font=\u00a0\u00bbManrope||||||||\u00a0\u00bb text_orientation=\u00a0\u00bbjustified\u00a0\u00bb custom_padding=\u00a0\u00bb|40px||||\u00a0\u00bb global_colors_info=\u00a0\u00bb{}\u00a0\u00bb]<\/p>\n<p>Cr\u00e9\u00e9e en 1987, Montivilliers Hier Aujourd\u2019hui Demain est une association de loi 1901. Son si\u00e8ge social est \u00e0 la mairie de Montivilliers. Elle \u0153uvre pour la mise en valeur des patrimoines oraux, b\u00e2tis ou naturels de Montivilliers, ville situ\u00e9e en Normandie, et des quatorze communes qui l\u2019entourent. De mani\u00e8re plus globale, elle a un \u0153il ouvert sur le patrimoine normand.<\/p>\n<p>Promotion des recherches historiques, diffusion \u00e0 qui le souhaite de la connaissance du patrimoine local, dynamisation de la vie culturelle li\u00e9e \u00e0 ce riche patrimoine, tels sont les objectifs que se donne l\u2019association.<\/p>\n<p>La philosophie de Montivilliers Hier Aujourd\u2019hui Demain est celle d\u2019un patrimoine dynamique pour tous auquel chacun &#8211; habitant le territoire montivillon ou non &#8211; peut acc\u00e9der.<\/p>\n<p>Ce site internet vous invite \u00e0 d\u00e9couvrir l\u2019association, \u00e0 retrouver les actions qu\u2019elle a men\u00e9es ou qu\u2019elle souhaite mener \u00e0 l\u2019avenir, mais aussi les patrimoines auxquels elle est tant attach\u00e9e et les recherches visant \u00e0 mieux les faire conna\u00eetre.<\/p>\n<p>[\/et_pb_text][et_pb_divider color=\u00a0\u00bb#e2e2e2&Prime; divider_weight=\u00a0\u00bb3px\u00a0\u00bb _builder_version=\u00a0\u00bb4.21.0&Prime; _module_preset=\u00a0\u00bbdefault\u00a0\u00bb custom_margin=\u00a0\u00bb59px|||||\u00a0\u00bb global_colors_info=\u00a0\u00bb{}\u00a0\u00bb][\/et_pb_divider][et_pb_text _builder_version=\u00a0\u00bb4.21.0&Prime; _module_preset=\u00a0\u00bbdefault\u00a0\u00bb text_font=\u00a0\u00bbManrope||||||||\u00a0\u00bb text_font_size=\u00a0\u00bb25px\u00a0\u00bb header_font_size=\u00a0\u00bb50px\u00a0\u00bb header_2_font=\u00a0\u00bbManrope||||||||\u00a0\u00bb text_orientation=\u00a0\u00bbcenter\u00a0\u00bb text_font_last_edited=\u00a0\u00bboff|desktop\u00a0\u00bb global_colors_info=\u00a0\u00bb{}\u00a0\u00bb]<\/p>\n<p><span>L&rsquo;\u00c9QUIPE<\/span><\/p>\n<p>[\/et_pb_text][et_pb_text _builder_version=\u00a0\u00bb4.21.0&Prime; _module_preset=\u00a0\u00bbdefault\u00a0\u00bb text_orientation=\u00a0\u00bbcenter\u00a0\u00bb global_colors_info=\u00a0\u00bb{}\u00a0\u00bb]<\/p>\n<p style=\"text-align: center;\">R\u00e9unissant une trentaine d\u2019adh\u00e9rents de tous les horizons et de tous les \u00e2ges, Montivilliers Hier Aujourd\u2019hui Demain regroupe aussi bien des curieux du patrimoine que des sp\u00e9cialistes chevronn\u00e9s.\u00a0<\/p>\n<p style=\"text-align: center;\">L\u2019association est dirig\u00e9e par un conseil d\u2019administration d\u2019au moins neuf membres \u00e9lus. Il r\u00e9fl\u00e9chit \u00e0 l\u2019orientation et \u00e0 la dynamique \u00e0 l\u2019association. Celui-ci \u00e9lit un bureau parmi ses membres.\u00a0<\/p>\n<p>[\/et_pb_text][\/et_pb_column][\/et_pb_row][\/et_pb_section]<\/p>\n","protected":false},"excerpt":{"rendered":"<p>Cr\u00e9\u00e9e en 1987, Montivilliers Hier Aujourd\u2019hui Demain est une association de loi 1901. Son si\u00e8ge social est \u00e0 la mairie de Montivilliers. Elle \u0153uvre pour la mise en valeur des [&hellip;]<\/p>\n","protected":false},"author":3,"featured_media":0,"parent":0,"menu_order":0,"comment_status":"open","ping_status":"closed","template":"","meta":{"_et_pb_use_builder":"on","_et_pb_old_content":"<!-- wp:paragraph -->\n<p>Ceci est une page d\u2019exemple. C\u2019est diff\u00e9rent d\u2019un article de blog parce qu\u2019elle restera au m\u00eame endroit et appara\u00eetra dans la navigation de votre site (dans la plupart des th\u00e8mes). La plupart des gens commencent par une page \u00ab\u00a0\u00c0 propos\u00a0\u00bb qui les pr\u00e9sente aux personnes visitant le site. Cela pourrait ressembler \u00e0 quelque chose comme cela\u00a0:<\/p>\n<!-- \/wp:paragraph -->\n\n<!-- wp:quote -->\n<blockquote class=\"wp-block-quote\"><p>Bonjour\u00a0! Je suis un m\u00e9canicien qui aspire \u00e0 devenir acteur, et voici mon site. J\u2019habite \u00e0 Bordeaux, j\u2019ai un super chien baptis\u00e9 Russell, et j\u2019aime la vodka (ainsi qu\u2019\u00eatre surpris par la pluie soudaine lors de longues balades sur la plage au coucher du soleil).<\/p><\/blockquote>\n<!-- \/wp:quote -->\n\n<!-- wp:paragraph -->\n<p>\u2026ou quelque chose comme cela\u00a0:<\/p>\n<!-- \/wp:paragraph -->\n\n<!-- wp:quote -->\n<blockquote class=\"wp-block-quote\"><p>La soci\u00e9t\u00e9 123 Machin Truc a \u00e9t\u00e9 cr\u00e9\u00e9e en 1971, et n\u2019a cess\u00e9 de proposer au public des machins-trucs de qualit\u00e9 depuis lors. Situ\u00e9e \u00e0 Saint-Remy-en-Bouzemont-Saint-Genest-et-Isson, 123 Machin Truc emploie 2 000 personnes, et fabrique toutes sortes de bidules supers pour la communaut\u00e9 bouzemontoise.<\/p><\/blockquote>\n<!-- \/wp:quote -->\n\n<!-- wp:paragraph -->\n<p>En tant que nouvel utilisateur ou utilisatrice de WordPress, vous devriez vous rendre sur <a href=\"http:\/\/montivilliers-mhad.fr\/wp-admin\/\">votre tableau de bord<\/a> pour supprimer cette page et cr\u00e9er de nouvelles pages pour votre contenu. Amusez-vous bien\u00a0!<\/p>\n<!-- \/wp:paragraph -->","_et_gb_content_width":""},"_links":{"self":[{"href":"https:\/\/montivilliers-mhad.fr\/index.php?rest_route=\/wp\/v2\/pages\/147"}],"collection":[{"href":"https:\/\/montivilliers-mhad.fr\/index.php?rest_route=\/wp\/v2\/pages"}],"about":[{"href":"https:\/\/montivilliers-mhad.fr\/index.php?rest_route=\/wp\/v2\/types\/page"}],"author":[{"embeddable":true,"href":"https:\/\/montivilliers-mhad.fr\/index.php?rest_route=\/wp\/v2\/users\/3"}],"replies":[{"embeddable":true,"href":"https:\/\/montivilliers-mhad.fr\/index.php?rest_route=%2Fwp%2Fv2%2Fcomments&post=147"}],"version-history":[{"count":8,"href":"https:\/\/montivilliers-mhad.fr\/index.php?rest_route=\/wp\/v2\/pages\/147\/revisions"}],"predecessor-version":[{"id":1069,"href":"https:\/\/montivilliers-mhad.fr\/index.php?rest_route=\/wp\/v2\/pages\/147\/revisions\/1069"}],"wp:attachment":[{"href":"https:\/\/montivilliers-mhad.fr\/index.php?rest_route=%2Fwp%2Fv2%2Fmedia&parent=147"}],"curies":[{"name":"wp","href":"https:\/\/api.w.org\/{rel}","templated":true}]}}