{"id":141,"date":"2023-05-31T14:40:49","date_gmt":"2023-05-31T12:40:49","guid":{"rendered":"http:\/\/montivilliers-mhad.fr\/?page_id=141"},"modified":"2023-07-26T11:22:32","modified_gmt":"2023-07-26T09:22:32","slug":"publications","status":"publish","type":"page","link":"https:\/\/montivilliers-mhad.fr\/?page_id=141","title":{"rendered":"Publications"},"content":{"rendered":"<p>[et_pb_section fb_built=\u00a0\u00bb1&Prime; _builder_version=\u00a0\u00bb4.21.0&Prime; _module_preset=\u00a0\u00bbdefault\u00a0\u00bb custom_margin=\u00a0\u00bb-4px|||||\u00a0\u00bb global_colors_info=\u00a0\u00bb{}\u00a0\u00bb][et_pb_row _builder_version=\u00a0\u00bb4.21.0&Prime; _module_preset=\u00a0\u00bbdefault\u00a0\u00bb global_colors_info=\u00a0\u00bb{}\u00a0\u00bb][et_pb_column type=\u00a0\u00bb4_4&Prime; _builder_version=\u00a0\u00bb4.21.0&Prime; _module_preset=\u00a0\u00bbdefault\u00a0\u00bb global_colors_info=\u00a0\u00bb{}\u00a0\u00bb][et_pb_image src=\u00a0\u00bbhttp:\/\/montivilliers-mhad.fr\/wp-content\/uploads\/2023\/05\/Web-1920-\u2013-6.jpg\u00a0\u00bb title_text=\u00a0\u00bbWeb 1920 \u2013 6&Prime; _builder_version=\u00a0\u00bb4.21.0&Prime; _module_preset=\u00a0\u00bbdefault\u00a0\u00bb global_colors_info=\u00a0\u00bb{}\u00a0\u00bb][\/et_pb_image][et_pb_text _builder_version=\u00a0\u00bb4.21.0&Prime; _module_preset=\u00a0\u00bbdefault\u00a0\u00bb text_font=\u00a0\u00bbManrope||||||||\u00a0\u00bb text_font_size=\u00a0\u00bb25px\u00a0\u00bb header_font_size=\u00a0\u00bb50px\u00a0\u00bb header_2_font=\u00a0\u00bbManrope||||||||\u00a0\u00bb text_orientation=\u00a0\u00bbcenter\u00a0\u00bb min_height=\u00a0\u00bb28px\u00a0\u00bb custom_margin=\u00a0\u00bb68px|||||\u00a0\u00bb custom_padding=\u00a0\u00bb0px||3px|||\u00a0\u00bb text_font_last_edited=\u00a0\u00bboff|desktop\u00a0\u00bb global_colors_info=\u00a0\u00bb{}\u00a0\u00bb]<\/p>\n<p>LES RECUEILS<\/p>\n<p>[\/et_pb_text][et_pb_text _builder_version=\u00a0\u00bb4.21.0&Prime; _module_preset=\u00a0\u00bbdefault\u00a0\u00bb text_font=\u00a0\u00bbManrope||||||||\u00a0\u00bb text_orientation=\u00a0\u00bbcenter\u00a0\u00bb global_colors_info=\u00a0\u00bb{}\u00a0\u00bb]<\/p>\n<p style=\"text-align: center;\">L\u2019association accueille entre trois et quatre conf\u00e9rences de sp\u00e9cialistes de l\u2019histoire et du patrimoine chaque ann\u00e9e. Les th\u00e8mes de leurs interventions sont tr\u00e8s vari\u00e9s, bien que souvent en rapport avec Montivilliers et \u2013 \u00e0 plus large \u00e9chelle \u2013 la Normandie. Les articles issus des conf\u00e9rences sont compil\u00e9s dans les recueils.<\/p>\n<p style=\"text-align: center;\">[\/et_pb_text][\/et_pb_column][\/et_pb_row][et_pb_row _builder_version=\u00a0\u00bb4.21.0&Prime; _module_preset=\u00a0\u00bbdefault\u00a0\u00bb custom_margin=\u00a0\u00bb-29px|auto||auto||\u00a0\u00bb custom_padding=\u00a0\u00bb||0px|||\u00a0\u00bb global_colors_info=\u00a0\u00bb{}\u00a0\u00bb][et_pb_column type=\u00a0\u00bb4_4&Prime; _builder_version=\u00a0\u00bb4.21.0&Prime; _module_preset=\u00a0\u00bbdefault\u00a0\u00bb global_colors_info=\u00a0\u00bb{}\u00a0\u00bb][et_pb_button button_url=\u00a0\u00bbhttps:\/\/montivilliers-mhad.fr\/?cat=7&Prime; button_text=\u00a0\u00bbVOIR PLUS\u00a0\u00bb button_alignment=\u00a0\u00bbcenter\u00a0\u00bb _builder_version=\u00a0\u00bb4.21.0&Prime; _module_preset=\u00a0\u00bbdefault\u00a0\u00bb custom_button=\u00a0\u00bbon\u00a0\u00bb button_text_size=\u00a0\u00bb16px\u00a0\u00bb button_bg_color=\u00a0\u00bb#e52046&Prime; background_layout=\u00a0\u00bbdark\u00a0\u00bb custom_margin=\u00a0\u00bb||60px|||\u00a0\u00bb global_colors_info=\u00a0\u00bb{}\u00a0\u00bb][\/et_pb_button][et_pb_divider color=\u00a0\u00bb#ededed\u00a0\u00bb divider_weight=\u00a0\u00bb3px\u00a0\u00bb _builder_version=\u00a0\u00bb4.21.0&Prime; _module_preset=\u00a0\u00bbdefault\u00a0\u00bb custom_margin=\u00a0\u00bb||1px|||\u00a0\u00bb global_colors_info=\u00a0\u00bb{}\u00a0\u00bb][\/et_pb_divider][et_pb_text _builder_version=\u00a0\u00bb4.21.0&Prime; _module_preset=\u00a0\u00bbdefault\u00a0\u00bb text_font=\u00a0\u00bbManrope||||||||\u00a0\u00bb text_font_size=\u00a0\u00bb25px\u00a0\u00bb header_font_size=\u00a0\u00bb50px\u00a0\u00bb header_2_font=\u00a0\u00bbManrope||||||||\u00a0\u00bb text_orientation=\u00a0\u00bbcenter\u00a0\u00bb min_height=\u00a0\u00bb28px\u00a0\u00bb custom_margin=\u00a0\u00bb25px|||||\u00a0\u00bb custom_padding=\u00a0\u00bb0px||3px|||\u00a0\u00bb text_font_last_edited=\u00a0\u00bboff|desktop\u00a0\u00bb global_colors_info=\u00a0\u00bb{}\u00a0\u00bb]<\/p>\n<p>HORS-S\u00c9RIES<\/p>\n<p>[\/et_pb_text][et_pb_text _builder_version=\u00a0\u00bb4.21.0&Prime; _module_preset=\u00a0\u00bbdefault\u00a0\u00bb text_font=\u00a0\u00bbManrope|300|||||||\u00a0\u00bb text_orientation=\u00a0\u00bbcenter\u00a0\u00bb global_colors_info=\u00a0\u00bb{}\u00a0\u00bb]<\/p>\n<p style=\"box-sizing: border-box; margin-bottom: 10px; caret-color: #333333; color: #333333; font-family: 'Helvetica Neue', Helvetica, Arial, sans-serif; font-size: 14px;\">Les ouvrages hors-s\u00e9rie sont ceux qui traitent de th\u00e8mes particuliers auxquels ils sont int\u00e9gralement d\u00e9di\u00e9s\u00a0: l\u2019un est une compilation de t\u00e9moignages, m\u00e9moire vivante du patrimoine de Montivilliers tandis que l\u2019autre est d\u00e9di\u00e9 \u00e0 Jean Pr\u00e9vost, intellectuel r\u00e9sistant ayant v\u00e9cu \u00e0 Montivilliers.<\/p>\n<p style=\"box-sizing: border-box; caret-color: #333333; color: #333333; font-family: 'Helvetica Neue', Helvetica, Arial, sans-serif; font-size: 14px;\">Les actes relatent le contenu des colloques mis en place par l\u2019association en partenariat avec le service culturel de Montivilliers\u00a0: le premier concerne les la naissance des communes et des administrations communales normandes, le second est consacr\u00e9 \u00e0 Raoul Ancel, homme politique normand de la fin du XIX<span style=\"box-sizing: border-box; position: relative; font-size: 10.5px; line-height: 0; vertical-align: baseline; top: -0.5em;\">\u00e8me<\/span>\u00a0si\u00e8cle tandis que le dernier \u2013 publi\u00e9 dans le cadre de la restauration g\u00e9n\u00e9rale du cimeti\u00e8re m\u00e9di\u00e9val de Montivilliers \u2013 aborde l\u2019art Macabre en Europe du Moyen Age.<\/p>\n<p>[\/et_pb_text][et_pb_button button_url=\u00a0\u00bbhttps:\/\/montivilliers-mhad.fr\/?cat=10&Prime; button_text=\u00a0\u00bbVOIR PLUS\u00a0\u00bb button_alignment=\u00a0\u00bbcenter\u00a0\u00bb _builder_version=\u00a0\u00bb4.21.0&Prime; _module_preset=\u00a0\u00bbdefault\u00a0\u00bb custom_button=\u00a0\u00bbon\u00a0\u00bb button_text_size=\u00a0\u00bb16px\u00a0\u00bb button_bg_color=\u00a0\u00bb#e52046&Prime; background_layout=\u00a0\u00bbdark\u00a0\u00bb custom_margin=\u00a0\u00bb||60px|||\u00a0\u00bb hover_enabled=\u00a0\u00bb0&Prime; global_colors_info=\u00a0\u00bb{}\u00a0\u00bb sticky_enabled=\u00a0\u00bb0&Prime;][\/et_pb_button][et_pb_divider color=\u00a0\u00bb#ededed\u00a0\u00bb divider_weight=\u00a0\u00bb3px\u00a0\u00bb _builder_version=\u00a0\u00bb4.21.0&Prime; _module_preset=\u00a0\u00bbdefault\u00a0\u00bb custom_margin=\u00a0\u00bb||1px|||\u00a0\u00bb global_colors_info=\u00a0\u00bb{}\u00a0\u00bb][\/et_pb_divider][\/et_pb_column][\/et_pb_row][et_pb_row _builder_version=\u00a0\u00bb4.21.0&Prime; _module_preset=\u00a0\u00bbdefault\u00a0\u00bb background_color=\u00a0\u00bb#f9f9f9&Prime; global_colors_info=\u00a0\u00bb{}\u00a0\u00bb][et_pb_column type=\u00a0\u00bb4_4&Prime; _builder_version=\u00a0\u00bb4.21.0&Prime; _module_preset=\u00a0\u00bbdefault\u00a0\u00bb global_colors_info=\u00a0\u00bb{}\u00a0\u00bb][et_pb_text _builder_version=\u00a0\u00bb4.21.0&Prime; _module_preset=\u00a0\u00bbdefault\u00a0\u00bb text_font=\u00a0\u00bbManrope||||||||\u00a0\u00bb text_font_size=\u00a0\u00bb25px\u00a0\u00bb header_font_size=\u00a0\u00bb50px\u00a0\u00bb header_2_font=\u00a0\u00bbManrope||||||||\u00a0\u00bb text_orientation=\u00a0\u00bbcenter\u00a0\u00bb min_height=\u00a0\u00bb28px\u00a0\u00bb custom_margin=\u00a0\u00bb25px|||||\u00a0\u00bb custom_padding=\u00a0\u00bb0px||3px|||\u00a0\u00bb text_font_last_edited=\u00a0\u00bboff|desktop\u00a0\u00bb global_colors_info=\u00a0\u00bb{}\u00a0\u00bb]<\/p>\n<p><span>BON DE COMMANDE<\/span><\/p>\n<p>[\/et_pb_text][et_pb_text _builder_version=\u00a0\u00bb4.21.0&Prime; _module_preset=\u00a0\u00bbdefault\u00a0\u00bb text_font=\u00a0\u00bbManrope|300|||||||\u00a0\u00bb text_orientation=\u00a0\u00bbcenter\u00a0\u00bb custom_padding=\u00a0\u00bb|40px||40px||\u00a0\u00bb global_colors_info=\u00a0\u00bb{}\u00a0\u00bb]<\/p>\n<p style=\"box-sizing: border-box; margin-bottom: 10px; caret-color: #333333; color: #333333; font-family: 'Helvetica Neue', Helvetica, Arial, sans-serif; font-size: 14px; text-align: center;\"><span style=\"box-sizing: border-box; font-weight: bold;\">Vous souhaitez acqu\u00e9rir l\u2019un ou plusieurs des ouvrages publi\u00e9s par l\u2019association\u00a0?<\/span><\/p>\n<p style=\"box-sizing: border-box; margin-bottom: 10px; caret-color: #333333; color: #333333; font-family: 'Helvetica Neue', Helvetica, Arial, sans-serif; font-size: 14px; text-align: center;\"><span style=\"color: #454545;\">Rien de plus simple\u00a0: vous t\u00e9l\u00e9chargez le bon de commande ci-dessous, le remplissez et l\u2019envoyez accompagn\u00e9 d\u2019un ch\u00e8que avec le r\u00e8glement des ouvrages auquel vous aurez ajout\u00e9 les frais de transport \u00e0 l\u2019adresse s<\/span>uivante\u00a0:<\/p>\n<p style=\"box-sizing: border-box; margin-bottom: 10px; caret-color: #333333; color: #333333; font-family: 'Helvetica Neue', Helvetica, Arial, sans-serif; font-size: 14px;\">\n<p style=\"box-sizing: border-box; margin-bottom: 10px; caret-color: #D22E4A; color: #d22e4a; font-family: 'Helvetica Neue', Helvetica, Arial, sans-serif; font-size: 14px; text-align: center;\"><span style=\"box-sizing: border-box; font-weight: bold; font-size: 16px;\">Montivilliers, hier, aujourd\u2019hui, demain<\/span><\/p>\n<p style=\"box-sizing: border-box; margin-bottom: 10px; caret-color: #333333; color: #333333; font-family: 'Helvetica Neue', Helvetica, Arial, sans-serif; font-size: 14px; text-align: center;\">Mairie de Montivilliers<br style=\"box-sizing: border-box;\" \/>Place Fran\u00e7ois Mitterrand<br style=\"box-sizing: border-box;\" \/>76290 MONTIVILLIERS.<\/p>\n<p style=\"box-sizing: border-box; margin-bottom: 10px; caret-color: #333333; color: #333333; font-family: 'Helvetica Neue', Helvetica, Arial, sans-serif; font-size: 14px;\">L\u2019association vous envoie votre commande d\u00e8s r\u00e9ception de votre courrier \u00e0 l\u2019adresse mentionn\u00e9e sur le bon et vous remercie de votre commande.<\/p>\n<p>[\/et_pb_text][et_pb_button button_url=\u00a0\u00bbhttp:\/\/montivilliers-mhad.fr\/wp-content\/uploads\/2023\/05\/BON-DE-COMMANDE1-4.pdf\u00a0\u00bb button_text=\u00a0\u00bbT\u00c9L\u00c9CHARGEZ LE BON DE COMMANDE\u00a0\u00bb button_alignment=\u00a0\u00bbcenter\u00a0\u00bb _builder_version=\u00a0\u00bb4.21.0&Prime; _module_preset=\u00a0\u00bbdefault\u00a0\u00bb custom_button=\u00a0\u00bbon\u00a0\u00bb button_text_size=\u00a0\u00bb16px\u00a0\u00bb button_bg_color=\u00a0\u00bb#e52046&Prime; background_layout=\u00a0\u00bbdark\u00a0\u00bb custom_margin=\u00a0\u00bb||60px|||\u00a0\u00bb global_colors_info=\u00a0\u00bb{}\u00a0\u00bb][\/et_pb_button][\/et_pb_column][\/et_pb_row][\/et_pb_section]<\/p>\n","protected":false},"excerpt":{"rendered":"<p>LES RECUEILSL\u2019association accueille entre trois et quatre conf\u00e9rences de sp\u00e9cialistes de l\u2019histoire et du patrimoine chaque ann\u00e9e. Les th\u00e8mes de leurs interventions sont tr\u00e8s vari\u00e9s, bien que souvent en rapport [&hellip;]<\/p>\n","protected":false},"author":3,"featured_media":0,"parent":0,"menu_order":0,"comment_status":"open","ping_status":"closed","template":"","meta":{"_et_pb_use_builder":"on","_et_pb_old_content":"<!-- wp:paragraph -->\n<p>Ceci est une page d\u2019exemple. C\u2019est diff\u00e9rent d\u2019un article de blog parce qu\u2019elle restera au m\u00eame endroit et appara\u00eetra dans la navigation de votre site (dans la plupart des th\u00e8mes). La plupart des gens commencent par une page \u00ab\u00a0\u00c0 propos\u00a0\u00bb qui les pr\u00e9sente aux personnes visitant le site. Cela pourrait ressembler \u00e0 quelque chose comme cela\u00a0:<\/p>\n<!-- \/wp:paragraph -->\n\n<!-- wp:quote -->\n<blockquote class=\"wp-block-quote\"><p>Bonjour\u00a0! Je suis un m\u00e9canicien qui aspire \u00e0 devenir acteur, et voici mon site. J\u2019habite \u00e0 Bordeaux, j\u2019ai un super chien baptis\u00e9 Russell, et j\u2019aime la vodka (ainsi qu\u2019\u00eatre surpris par la pluie soudaine lors de longues balades sur la plage au coucher du soleil).<\/p><\/blockquote>\n<!-- \/wp:quote -->\n\n<!-- wp:paragraph -->\n<p>\u2026ou quelque chose comme cela\u00a0:<\/p>\n<!-- \/wp:paragraph -->\n\n<!-- wp:quote -->\n<blockquote class=\"wp-block-quote\"><p>La soci\u00e9t\u00e9 123 Machin Truc a \u00e9t\u00e9 cr\u00e9\u00e9e en 1971, et n\u2019a cess\u00e9 de proposer au public des machins-trucs de qualit\u00e9 depuis lors. Situ\u00e9e \u00e0 Saint-Remy-en-Bouzemont-Saint-Genest-et-Isson, 123 Machin Truc emploie 2 000 personnes, et fabrique toutes sortes de bidules supers pour la communaut\u00e9 bouzemontoise.<\/p><\/blockquote>\n<!-- \/wp:quote -->\n\n<!-- wp:paragraph -->\n<p>En tant que nouvel utilisateur ou utilisatrice de WordPress, vous devriez vous rendre sur <a href=\"http:\/\/montivilliers-mhad.fr\/wp-admin\/\">votre tableau de bord<\/a> pour supprimer cette page et cr\u00e9er de nouvelles pages pour votre contenu. Amusez-vous bien\u00a0!<\/p>\n<!-- \/wp:paragraph -->","_et_gb_content_width":""},"_links":{"self":[{"href":"https:\/\/montivilliers-mhad.fr\/index.php?rest_route=\/wp\/v2\/pages\/141"}],"collection":[{"href":"https:\/\/montivilliers-mhad.fr\/index.php?rest_route=\/wp\/v2\/pages"}],"about":[{"href":"https:\/\/montivilliers-mhad.fr\/index.php?rest_route=\/wp\/v2\/types\/page"}],"author":[{"embeddable":true,"href":"https:\/\/montivilliers-mhad.fr\/index.php?rest_route=\/wp\/v2\/users\/3"}],"replies":[{"embeddable":true,"href":"https:\/\/montivilliers-mhad.fr\/index.php?rest_route=%2Fwp%2Fv2%2Fcomments&post=141"}],"version-history":[{"count":15,"href":"https:\/\/montivilliers-mhad.fr\/index.php?rest_route=\/wp\/v2\/pages\/141\/revisions"}],"predecessor-version":[{"id":968,"href":"https:\/\/montivilliers-mhad.fr\/index.php?rest_route=\/wp\/v2\/pages\/141\/revisions\/968"}],"wp:attachment":[{"href":"https:\/\/montivilliers-mhad.fr\/index.php?rest_route=%2Fwp%2Fv2%2Fmedia&parent=141"}],"curies":[{"name":"wp","href":"https:\/\/api.w.org\/{rel}","templated":true}]}}