{"id":1089,"date":"2023-07-31T13:59:26","date_gmt":"2023-07-31T11:59:26","guid":{"rendered":"https:\/\/montivilliers-mhad.fr\/?page_id=1089"},"modified":"2023-07-31T13:59:58","modified_gmt":"2023-07-31T11:59:58","slug":"1089-2","status":"publish","type":"page","link":"https:\/\/montivilliers-mhad.fr\/?page_id=1089","title":{"rendered":"Mentions L\u00e9gales"},"content":{"rendered":"<p>[et_pb_section fb_built=\u00a0\u00bb1&Prime; theme_builder_area=\u00a0\u00bbpost_content\u00a0\u00bb _builder_version=\u00a0\u00bb4.21.0&Prime; _module_preset=\u00a0\u00bbdefault\u00a0\u00bb][et_pb_row _builder_version=\u00a0\u00bb4.21.0&Prime; _module_preset=\u00a0\u00bbdefault\u00a0\u00bb theme_builder_area=\u00a0\u00bbpost_content\u00a0\u00bb][et_pb_column _builder_version=\u00a0\u00bb4.21.0&Prime; _module_preset=\u00a0\u00bbdefault\u00a0\u00bb type=\u00a0\u00bb4_4&Prime; theme_builder_area=\u00a0\u00bbpost_content\u00a0\u00bb][et_pb_text _builder_version=\u00a0\u00bb4.21.0&Prime; _module_preset=\u00a0\u00bbdefault\u00a0\u00bb theme_builder_area=\u00a0\u00bbpost_content\u00a0\u00bb text_font=\u00a0\u00bbManrope||||||||\u00a0\u00bb hover_enabled=\u00a0\u00bb0&Prime; sticky_enabled=\u00a0\u00bb0&Prime;]<\/p>\n<p><strong>Mentions L\u00e9gales<\/strong><\/p>\n<p><strong><\/strong><\/p>\n<p><strong>1. Informations sur le propri\u00e9taire du site :<\/strong><\/p>\n<p>Montivilliers MHAD<\/p>\n<p>Mairie de Montivilliers<br \/>Place Fran\u00e7ois Mitterand<br \/>76290 Montivilliers<br \/><a href=\"mailto:asso.mhad@laposte.net\">asso.mhad@laposte.net<\/a><\/p>\n<p>&nbsp;<\/p>\n<p><strong>2. Responsable de la publication :<\/strong><\/p>\n<p>Montivilliers MHAD et Aquacaux<\/p>\n<p>&nbsp;<\/p>\n<p>&nbsp;<\/p>\n<p><strong>3. H\u00e9bergeur du site :<\/strong><\/p>\n<p>Hostiger France x SRCH Design<\/p>\n<p>E-mail : srhcdesign@gmail.com<\/p>\n<p>TEL : 0771039837<\/p>\n<p>&nbsp;<\/p>\n<p>&nbsp;<\/p>\n<p><strong>4. Propri\u00e9t\u00e9 intellectuelle :<\/strong><\/p>\n<p>Sauf indication contraire, tout le contenu pr\u00e9sent\u00e9 sur ce site, y compris, mais sans s&rsquo;y limiter, les textes, les images, les graphiques, les logos et les vid\u00e9os, est la propri\u00e9t\u00e9 intellectuelle de Montivilliers MHAD et est prot\u00e9g\u00e9 par les lois sur le droit d&rsquo;auteur et les droits de propri\u00e9t\u00e9 intellectuelle. Toute reproduction, distribution, modification ou utilisation non autoris\u00e9e du contenu est strictement interdite.<\/p>\n<p>&nbsp;<\/p>\n<p>&nbsp;<\/p>\n<p><strong>5. Liens vers des sites tiers :<\/strong><\/p>\n<p>Ce site peut contenir des liens vers des sites web tiers. Nous n&rsquo;avons aucun contr\u00f4le sur le contenu et les pratiques de ces sites, et nous d\u00e9clinons toute responsabilit\u00e9 quant \u00e0 leur contenu, leur exactitude et leur l\u00e9galit\u00e9. La pr\u00e9sence de liens vers des sites tiers ne constitue pas une approbation de ces sites.<\/p>\n<p>&nbsp;<\/p>\n<p>&nbsp;<\/p>\n<p><strong>6. Collecte de donn\u00e9es personnelles :<\/strong><\/p>\n<p>Nous pouvons collecter des donn\u00e9es personnelles vous concernant lorsque vous utilisez ce site. Notre politique de confidentialit\u00e9 explique comment nous collectons, utilisons et prot\u00e9geons vos donn\u00e9es personnelles. En utilisant ce site, vous acceptez notre politique de confidentialit\u00e9.<\/p>\n<p>&nbsp;<\/p>\n<p>&nbsp;<\/p>\n<p><strong>7. Cookies :<\/strong><\/p>\n<p>Ce site utilise des cookies pour am\u00e9liorer l&rsquo;exp\u00e9rience de l&rsquo;utilisateur. Vous pouvez g\u00e9rer les pr\u00e9f\u00e9rences des cookies en utilisant les param\u00e8tres de votre navigateur.<\/p>\n<p>&nbsp;<\/p>\n<p>&nbsp;<\/p>\n<p><strong>8. Limitation de responsabilit\u00e9 :<\/strong><\/p>\n<p>Nous nous effor\u00e7ons de maintenir les informations pr\u00e9sent\u00e9es sur ce site \u00e0 jour et exactes, mais nous ne pouvons garantir ni l&rsquo;exactitude ni l&rsquo;exhaustivit\u00e9 de ces informations. Nous d\u00e9clinons toute responsabilit\u00e9 pour tout dommage ou pr\u00e9judice r\u00e9sultant de l&rsquo;utilisation de ce site.<\/p>\n<p>&nbsp;<\/p>\n<p>&nbsp;<\/p>\n<p><strong>9. Juridiction et loi applicable :<\/strong><\/p>\n<p>Tout litige relatif \u00e0 l&rsquo;utilisation de ce site sera r\u00e9gi par les lois en vigueur en France, Normandie, et sera soumis \u00e0 la juridiction exclusive des tribunaux comp\u00e9tents de Normandie.<\/p>\n<p>[\/et_pb_text][\/et_pb_column][\/et_pb_row][\/et_pb_section]<\/p>\n","protected":false},"excerpt":{"rendered":"<p>Mentions L\u00e9gales 1. Informations sur le propri\u00e9taire du site : Montivilliers MHAD Mairie de MontivilliersPlace Fran\u00e7ois Mitterand76290 Montivilliersasso.mhad@laposte.net &nbsp; 2. Responsable de la publication : Montivilliers MHAD et Aquacaux &nbsp; [&hellip;]<\/p>\n","protected":false},"author":3,"featured_media":0,"parent":0,"menu_order":0,"comment_status":"closed","ping_status":"closed","template":"","meta":{"_et_pb_use_builder":"on","_et_pb_old_content":"","_et_gb_content_width":""},"_links":{"self":[{"href":"https:\/\/montivilliers-mhad.fr\/index.php?rest_route=\/wp\/v2\/pages\/1089"}],"collection":[{"href":"https:\/\/montivilliers-mhad.fr\/index.php?rest_route=\/wp\/v2\/pages"}],"about":[{"href":"https:\/\/montivilliers-mhad.fr\/index.php?rest_route=\/wp\/v2\/types\/page"}],"author":[{"embeddable":true,"href":"https:\/\/montivilliers-mhad.fr\/index.php?rest_route=\/wp\/v2\/users\/3"}],"replies":[{"embeddable":true,"href":"https:\/\/montivilliers-mhad.fr\/index.php?rest_route=%2Fwp%2Fv2%2Fcomments&post=1089"}],"version-history":[{"count":3,"href":"https:\/\/montivilliers-mhad.fr\/index.php?rest_route=\/wp\/v2\/pages\/1089\/revisions"}],"predecessor-version":[{"id":1093,"href":"https:\/\/montivilliers-mhad.fr\/index.php?rest_route=\/wp\/v2\/pages\/1089\/revisions\/1093"}],"wp:attachment":[{"href":"https:\/\/montivilliers-mhad.fr\/index.php?rest_route=%2Fwp%2Fv2%2Fmedia&parent=1089"}],"curies":[{"name":"wp","href":"https:\/\/api.w.org\/{rel}","templated":true}]}}